{"id":46,"date":"2024-09-10T12:22:36","date_gmt":"2024-09-10T12:22:36","guid":{"rendered":"https:\/\/www.svirakservis.cz\/?page_id=46"},"modified":"2024-09-10T13:01:20","modified_gmt":"2024-09-10T13:01:20","slug":"kontakt","status":"publish","type":"page","link":"https:\/\/www.svirakservis.cz\/?page_id=46","title":{"rendered":"Kontakt"},"content":{"rendered":"\n<p><strong>Tom\u00e1\u0161 \u0160vir\u00e1k<\/strong><br>Lide\u010dko 29<br>75613 Lide\u010dko<br><br>Provozovna:<\/p>\n\n\n\n<p><strong>\u0160vir\u00e1k Autoservis<\/strong><br>Horn\u00ed Lide\u010d 18 &#8211; Are\u00e1l \u010cD<br>75612 Horn\u00ed Lide\u010d<\/p>\n\n\n\n<p>I\u010cO: 68348584<\/p>\n\n\n\n<p>DI\u010c: CZ7812315874<\/p>\n\n\n\n<p>Tel.: +420 775 783 112<\/p>\n\n\n\n<p>E-mail: <a href=\"mailto:tomas.svirak@seznam.cz\">tomas.svirak@seznam.cz<\/a><\/p>\n\n\n\n<figure class=\"wp-block-image size-large\"><a href=\"https:\/\/mapy.cz\/zakladni?source=firm&amp;id=13082929&amp;ds=2&amp;x=18.0583005&amp;y=49.1876559&amp;z=18\" target=\"_blank\" rel=\"noreferrer noopener\"><img loading=\"lazy\" decoding=\"async\" width=\"1024\" height=\"604\" src=\"https:\/\/www.svirakservis.cz\/wp-content\/uploads\/2024\/09\/mapy-1024x604.png\" alt=\"\" class=\"wp-image-68\" srcset=\"https:\/\/www.svirakservis.cz\/wp-content\/uploads\/2024\/09\/mapy-1024x604.png 1024w, https:\/\/www.svirakservis.cz\/wp-content\/uploads\/2024\/09\/mapy-300x177.png 300w, https:\/\/www.svirakservis.cz\/wp-content\/uploads\/2024\/09\/mapy-768x453.png 768w, https:\/\/www.svirakservis.cz\/wp-content\/uploads\/2024\/09\/mapy.png 1319w\" sizes=\"auto, (max-width: 1024px) 100vw, 1024px\" \/><\/a><\/figure>\n\n\n\n<div style=\"height:100px\" aria-hidden=\"true\" class=\"wp-block-spacer\"><\/div>\n","protected":false},"excerpt":{"rendered":"<p>Tom\u00e1\u0161 \u0160vir\u00e1kLide\u010dko 2975613 Lide\u010dko Provozovna: \u0160vir\u00e1k AutoservisHorn\u00ed Lide\u010d 18 &#8211; Are\u00e1l \u010cD75612 Horn\u00ed Lide\u010d I\u010cO: 68348584 DI\u010c: CZ7812315874 Tel.: +420 775 783 112 E-mail: tomas.svirak@seznam.cz<\/p>\n","protected":false},"author":1,"featured_media":58,"parent":0,"menu_order":0,"comment_status":"closed","ping_status":"closed","template":"","meta":{"footnotes":""},"class_list":["post-46","page","type-page","status-publish","has-post-thumbnail","hentry"],"_links":{"self":[{"href":"https:\/\/www.svirakservis.cz\/index.php?rest_route=\/wp\/v2\/pages\/46","targetHints":{"allow":["GET"]}}],"collection":[{"href":"https:\/\/www.svirakservis.cz\/index.php?rest_route=\/wp\/v2\/pages"}],"about":[{"href":"https:\/\/www.svirakservis.cz\/index.php?rest_route=\/wp\/v2\/types\/page"}],"author":[{"embeddable":true,"href":"https:\/\/www.svirakservis.cz\/index.php?rest_route=\/wp\/v2\/users\/1"}],"replies":[{"embeddable":true,"href":"https:\/\/www.svirakservis.cz\/index.php?rest_route=%2Fwp%2Fv2%2Fcomments&post=46"}],"version-history":[{"count":8,"href":"https:\/\/www.svirakservis.cz\/index.php?rest_route=\/wp\/v2\/pages\/46\/revisions"}],"predecessor-version":[{"id":70,"href":"https:\/\/www.svirakservis.cz\/index.php?rest_route=\/wp\/v2\/pages\/46\/revisions\/70"}],"wp:featuredmedia":[{"embeddable":true,"href":"https:\/\/www.svirakservis.cz\/index.php?rest_route=\/wp\/v2\/media\/58"}],"wp:attachment":[{"href":"https:\/\/www.svirakservis.cz\/index.php?rest_route=%2Fwp%2Fv2%2Fmedia&parent=46"}],"curies":[{"name":"wp","href":"https:\/\/api.w.org\/{rel}","templated":true}]}}